{"id":1724,"date":"2025-03-17T06:35:09","date_gmt":"2025-03-17T12:35:09","guid":{"rendered":"https:\/\/margaritacornejo.com\/?post_type=product&#038;p=1724"},"modified":"2026-04-13T20:38:12","modified_gmt":"2026-04-14T02:38:12","slug":"victorella-bag","status":"publish","type":"product","link":"https:\/\/margaritacornejo.com\/en\/product\/victorella-bag\/","title":{"rendered":"Victorella Bag"},"content":{"rendered":"<p>Fiberglass bag<\/p>\n<p>A contemporary and elegant design, this bag is made from fiberglass. Its modern style offers ample space for all your essentials.<\/p>\n\n    <div class=\"xs_social_share_widget xs_share_url after_content \t\tmain_content  wslu-style-1 wslu-share-box-shaped wslu-fill-colored wslu-none wslu-share-horizontal wslu-theme-font-no wslu-main_content\">\n\n\t\t\n        <ul>\n\t\t\t        <\/ul>\n    <\/div>","protected":false},"excerpt":{"rendered":"<p>Cartera en fibra de vidrio Un dise\u00f1o contempor\u00e1neo y elegante, esta cartera est\u00e1 elaborada con fibra de vidrio. Su estilo moderno ofrece un amplio espacio para todos tus elementos esenciales.<\/p>","protected":false},"featured_media":2646,"comment_status":"open","ping_status":"closed","template":"","meta":{"_acf_changed":false,"_et_pb_use_builder":"","_et_pb_old_content":"","_et_gb_content_width":""},"product_brand":[],"product_cat":[87,115],"product_tag":[],"class_list":{"0":"post-1724","1":"product","2":"type-product","3":"status-publish","4":"has-post-thumbnail","6":"product_cat-special-edition-bags","7":"product_cat-victorella-bag","9":"first","10":"outofstock","11":"shipping-taxable","12":"purchasable","13":"product-type-variable"},"exclude_global_add_ons":[],"addons":[],"acf":[],"yoast_head":"<!-- This site is optimized with the Yoast SEO plugin v27.4 - https:\/\/yoast.com\/product\/yoast-seo-wordpress\/ -->\n<title>Victorella Bag - Margarita Cornejo<\/title>\n<meta name=\"robots\" content=\"index, follow, max-snippet:-1, max-image-preview:large, max-video-preview:-1\" \/>\n<link rel=\"canonical\" href=\"https:\/\/margaritacornejo.com\/en\/product\/victorella-bag\/\" \/>\n<meta property=\"og:locale\" content=\"en_US\" \/>\n<meta property=\"og:type\" content=\"article\" \/>\n<meta property=\"og:title\" content=\"Victorella Bag - Margarita Cornejo\" \/>\n<meta property=\"og:description\" content=\"Cartera en fibra de vidrio Un dise\u00f1o contempor\u00e1neo y elegante, esta cartera est\u00e1 elaborada con fibra de vidrio. Su estilo moderno ofrece un amplio espacio para todos tus elementos esenciales.\" \/>\n<meta property=\"og:url\" content=\"https:\/\/margaritacornejo.com\/en\/product\/victorella-bag\/\" \/>\n<meta property=\"og:site_name\" content=\"Margarita Cornejo\" \/>\n<meta property=\"article:modified_time\" content=\"2026-04-14T02:38:12+00:00\" \/>\n<meta property=\"og:image\" content=\"https:\/\/margaritacornejo.com\/wp-content\/uploads\/2025\/03\/VB-01.webp\" \/>\n\t<meta property=\"og:image:width\" content=\"1855\" \/>\n\t<meta property=\"og:image:height\" content=\"2560\" \/>\n\t<meta property=\"og:image:type\" content=\"image\/webp\" \/>\n<meta name=\"twitter:card\" content=\"summary_large_image\" \/>\n<meta name=\"twitter:label1\" content=\"Est. reading time\" \/>\n\t<meta name=\"twitter:data1\" content=\"1 minute\" \/>\n<script type=\"application\/ld+json\" class=\"yoast-schema-graph\">{\"@context\":\"https:\\\/\\\/schema.org\",\"@graph\":[{\"@type\":\"WebPage\",\"@id\":\"https:\\\/\\\/margaritacornejo.com\\\/producto\\\/victorella-bag\\\/\",\"url\":\"https:\\\/\\\/margaritacornejo.com\\\/producto\\\/victorella-bag\\\/\",\"name\":\"Victorella Bag - Margarita Cornejo\",\"isPartOf\":{\"@id\":\"https:\\\/\\\/margaritacornejo.com\\\/#website\"},\"primaryImageOfPage\":{\"@id\":\"https:\\\/\\\/margaritacornejo.com\\\/producto\\\/victorella-bag\\\/#primaryimage\"},\"image\":{\"@id\":\"https:\\\/\\\/margaritacornejo.com\\\/producto\\\/victorella-bag\\\/#primaryimage\"},\"thumbnailUrl\":\"https:\\\/\\\/margaritacornejo.com\\\/wp-content\\\/uploads\\\/2025\\\/03\\\/VB-01.webp\",\"datePublished\":\"2025-03-17T12:35:09+00:00\",\"dateModified\":\"2026-04-14T02:38:12+00:00\",\"breadcrumb\":{\"@id\":\"https:\\\/\\\/margaritacornejo.com\\\/producto\\\/victorella-bag\\\/#breadcrumb\"},\"inLanguage\":\"en-US\",\"potentialAction\":[{\"@type\":\"ReadAction\",\"target\":[\"https:\\\/\\\/margaritacornejo.com\\\/producto\\\/victorella-bag\\\/\"]}]},{\"@type\":\"ImageObject\",\"inLanguage\":\"en-US\",\"@id\":\"https:\\\/\\\/margaritacornejo.com\\\/producto\\\/victorella-bag\\\/#primaryimage\",\"url\":\"https:\\\/\\\/margaritacornejo.com\\\/wp-content\\\/uploads\\\/2025\\\/03\\\/VB-01.webp\",\"contentUrl\":\"https:\\\/\\\/margaritacornejo.com\\\/wp-content\\\/uploads\\\/2025\\\/03\\\/VB-01.webp\",\"width\":1855,\"height\":2560,\"caption\":\"Victorella Bag\"},{\"@type\":\"BreadcrumbList\",\"@id\":\"https:\\\/\\\/margaritacornejo.com\\\/producto\\\/victorella-bag\\\/#breadcrumb\",\"itemListElement\":[{\"@type\":\"ListItem\",\"position\":1,\"name\":\"Inicio\",\"item\":\"https:\\\/\\\/margaritacornejo.com\\\/\"},{\"@type\":\"ListItem\",\"position\":2,\"name\":\"Tienda\",\"item\":\"https:\\\/\\\/margaritacornejo.com\\\/tienda\\\/\"},{\"@type\":\"ListItem\",\"position\":3,\"name\":\"Victorella Bag\"}]},{\"@type\":\"WebSite\",\"@id\":\"https:\\\/\\\/margaritacornejo.com\\\/#website\",\"url\":\"https:\\\/\\\/margaritacornejo.com\\\/\",\"name\":\"Margarita Cornejo\",\"description\":\"Make it luxury, make it unique, make it yours\",\"potentialAction\":[{\"@type\":\"SearchAction\",\"target\":{\"@type\":\"EntryPoint\",\"urlTemplate\":\"https:\\\/\\\/margaritacornejo.com\\\/?s={search_term_string}\"},\"query-input\":{\"@type\":\"PropertyValueSpecification\",\"valueRequired\":true,\"valueName\":\"search_term_string\"}}],\"inLanguage\":\"en-US\"}]}<\/script>\n<!-- \/ Yoast SEO plugin. -->","yoast_head_json":{"title":"Victorella Bag - Margarita Cornejo","robots":{"index":"index","follow":"follow","max-snippet":"max-snippet:-1","max-image-preview":"max-image-preview:large","max-video-preview":"max-video-preview:-1"},"canonical":"https:\/\/margaritacornejo.com\/en\/product\/victorella-bag\/","og_locale":"en_US","og_type":"article","og_title":"Victorella Bag - Margarita Cornejo","og_description":"Cartera en fibra de vidrio Un dise\u00f1o contempor\u00e1neo y elegante, esta cartera est\u00e1 elaborada con fibra de vidrio. Su estilo moderno ofrece un amplio espacio para todos tus elementos esenciales.","og_url":"https:\/\/margaritacornejo.com\/en\/product\/victorella-bag\/","og_site_name":"Margarita Cornejo","article_modified_time":"2026-04-14T02:38:12+00:00","og_image":[{"width":1855,"height":2560,"url":"https:\/\/margaritacornejo.com\/wp-content\/uploads\/2025\/03\/VB-01.webp","type":"image\/webp"}],"twitter_card":"summary_large_image","twitter_misc":{"Est. reading time":"1 minute"},"schema":{"@context":"https:\/\/schema.org","@graph":[{"@type":"WebPage","@id":"https:\/\/margaritacornejo.com\/producto\/victorella-bag\/","url":"https:\/\/margaritacornejo.com\/producto\/victorella-bag\/","name":"Victorella Bag - Margarita Cornejo","isPartOf":{"@id":"https:\/\/margaritacornejo.com\/#website"},"primaryImageOfPage":{"@id":"https:\/\/margaritacornejo.com\/producto\/victorella-bag\/#primaryimage"},"image":{"@id":"https:\/\/margaritacornejo.com\/producto\/victorella-bag\/#primaryimage"},"thumbnailUrl":"https:\/\/margaritacornejo.com\/wp-content\/uploads\/2025\/03\/VB-01.webp","datePublished":"2025-03-17T12:35:09+00:00","dateModified":"2026-04-14T02:38:12+00:00","breadcrumb":{"@id":"https:\/\/margaritacornejo.com\/producto\/victorella-bag\/#breadcrumb"},"inLanguage":"en-US","potentialAction":[{"@type":"ReadAction","target":["https:\/\/margaritacornejo.com\/producto\/victorella-bag\/"]}]},{"@type":"ImageObject","inLanguage":"en-US","@id":"https:\/\/margaritacornejo.com\/producto\/victorella-bag\/#primaryimage","url":"https:\/\/margaritacornejo.com\/wp-content\/uploads\/2025\/03\/VB-01.webp","contentUrl":"https:\/\/margaritacornejo.com\/wp-content\/uploads\/2025\/03\/VB-01.webp","width":1855,"height":2560,"caption":"Victorella Bag"},{"@type":"BreadcrumbList","@id":"https:\/\/margaritacornejo.com\/producto\/victorella-bag\/#breadcrumb","itemListElement":[{"@type":"ListItem","position":1,"name":"Inicio","item":"https:\/\/margaritacornejo.com\/"},{"@type":"ListItem","position":2,"name":"Tienda","item":"https:\/\/margaritacornejo.com\/tienda\/"},{"@type":"ListItem","position":3,"name":"Victorella Bag"}]},{"@type":"WebSite","@id":"https:\/\/margaritacornejo.com\/#website","url":"https:\/\/margaritacornejo.com\/","name":"Margarita Cornejo","description":"Make it luxury, make it unique, make it yours","potentialAction":[{"@type":"SearchAction","target":{"@type":"EntryPoint","urlTemplate":"https:\/\/margaritacornejo.com\/?s={search_term_string}"},"query-input":{"@type":"PropertyValueSpecification","valueRequired":true,"valueName":"search_term_string"}}],"inLanguage":"en-US"}]}},"jetpack_sharing_enabled":true,"_links":{"self":[{"href":"https:\/\/margaritacornejo.com\/en\/wp-json\/wp\/v2\/product\/1724","targetHints":{"allow":["GET"]}}],"collection":[{"href":"https:\/\/margaritacornejo.com\/en\/wp-json\/wp\/v2\/product"}],"about":[{"href":"https:\/\/margaritacornejo.com\/en\/wp-json\/wp\/v2\/types\/product"}],"replies":[{"embeddable":true,"href":"https:\/\/margaritacornejo.com\/en\/wp-json\/wp\/v2\/comments?post=1724"}],"wp:featuredmedia":[{"embeddable":true,"href":"https:\/\/margaritacornejo.com\/en\/wp-json\/wp\/v2\/media\/2646"}],"wp:attachment":[{"href":"https:\/\/margaritacornejo.com\/en\/wp-json\/wp\/v2\/media?parent=1724"}],"wp:term":[{"taxonomy":"product_brand","embeddable":true,"href":"https:\/\/margaritacornejo.com\/en\/wp-json\/wp\/v2\/product_brand?post=1724"},{"taxonomy":"product_cat","embeddable":true,"href":"https:\/\/margaritacornejo.com\/en\/wp-json\/wp\/v2\/product_cat?post=1724"},{"taxonomy":"product_tag","embeddable":true,"href":"https:\/\/margaritacornejo.com\/en\/wp-json\/wp\/v2\/product_tag?post=1724"}],"curies":[{"name":"wp","href":"https:\/\/api.w.org\/{rel}","templated":true}]}}