{"id":2028,"date":"2025-03-20T05:47:35","date_gmt":"2025-03-20T11:47:35","guid":{"rendered":"https:\/\/margaritacornejo.com\/?post_type=product&#038;p=2028"},"modified":"2025-12-12T19:14:04","modified_gmt":"2025-12-13T01:14:04","slug":"billetera-xl-crocodile","status":"publish","type":"product","link":"https:\/\/margaritacornejo.com\/en\/product\/billetera-xl-crocodile\/","title":{"rendered":"XL WALLET  | CROCODILE"},"content":{"rendered":"<p>Genuine leather wallet with crocodile texture.<\/p>\n<p>A traditional shape with a modern touch, crafted using high-quality leathers embossed with a crocodile texture. This wallet has space for all your essentials.<\/p>\n\n    <div class=\"xs_social_share_widget xs_share_url after_content \t\tmain_content  wslu-style-1 wslu-share-box-shaped wslu-fill-colored wslu-none wslu-share-horizontal wslu-theme-font-no wslu-main_content\">\n\n\t\t\n        <ul>\n\t\t\t        <\/ul>\n    <\/div>","protected":false},"excerpt":{"rendered":"<ul>\n<li>Weight: 0.6 pounds.<\/li>\n<li>Molded and hand-stitched.<\/li>\n<li>Color and texture may vary slightly due to the leather treatment.<\/li>\n<li>Grain will not be uniform due to natural leather patterns.<\/li>\n<li>The lines and texture patterns may vary slightly from the reference photo, depending on the pattern cut, making your bag truly unique.<\/li>\n<\/ul>","protected":false},"featured_media":2031,"comment_status":"open","ping_status":"closed","template":"","meta":{"_acf_changed":false,"_et_pb_use_builder":"","_et_pb_old_content":"","_et_gb_content_width":""},"product_brand":[],"product_cat":[100,132,69],"product_tag":[],"class_list":{"0":"post-2028","1":"product","2":"type-product","3":"status-publish","4":"has-post-thumbnail","6":"product_cat-gifts-for-her","7":"product_cat-the-wallets","8":"product_cat-wallets","10":"first","11":"instock","12":"shipping-taxable","13":"purchasable","14":"product-type-variable"},"exclude_global_add_ons":[],"addons":[],"acf":[],"yoast_head":"<!-- This site is optimized with the Yoast SEO plugin v27.4 - https:\/\/yoast.com\/product\/yoast-seo-wordpress\/ -->\n<title>Billetera XL | Crocodile - Margarita Cornejo<\/title>\n<meta name=\"robots\" content=\"index, follow, max-snippet:-1, max-image-preview:large, max-video-preview:-1\" \/>\n<link rel=\"canonical\" href=\"https:\/\/margaritacornejo.com\/en\/product\/billetera-xl-crocodile\/\" \/>\n<meta property=\"og:locale\" content=\"en_US\" \/>\n<meta property=\"og:type\" content=\"article\" \/>\n<meta property=\"og:title\" content=\"Billetera XL | Crocodile - Margarita Cornejo\" \/>\n<meta property=\"og:description\" content=\"Peso: 0.6 libras.  Moldeado y cosido a mano.  El color y textura puede variar ligeramente debido al tratamiento del cuero.  El grano no ser\u00e1 uniforme debido a los patrones naturales del cuero.  Las l\u00edneas y dise\u00f1os de las texturas pueden variar ligeramente respecto a la fotograf\u00eda de referencia, dependiendo del corte del patr\u00f3n, lo que hace que tu bolso sea \u00fanico.\" \/>\n<meta property=\"og:url\" content=\"https:\/\/margaritacornejo.com\/en\/product\/billetera-xl-crocodile\/\" \/>\n<meta property=\"og:site_name\" content=\"Margarita Cornejo\" \/>\n<meta property=\"article:modified_time\" content=\"2025-12-13T01:14:04+00:00\" \/>\n<meta property=\"og:image\" content=\"https:\/\/margaritacornejo.com\/wp-content\/uploads\/2025\/03\/WXL-01-scaled.webp\" \/>\n\t<meta property=\"og:image:width\" content=\"1855\" \/>\n\t<meta property=\"og:image:height\" content=\"2560\" \/>\n\t<meta property=\"og:image:type\" content=\"image\/webp\" \/>\n<meta name=\"twitter:card\" content=\"summary_large_image\" \/>\n<meta name=\"twitter:label1\" content=\"Est. reading time\" \/>\n\t<meta name=\"twitter:data1\" content=\"1 minute\" \/>\n<script type=\"application\/ld+json\" class=\"yoast-schema-graph\">{\"@context\":\"https:\\\/\\\/schema.org\",\"@graph\":[{\"@type\":\"WebPage\",\"@id\":\"https:\\\/\\\/margaritacornejo.com\\\/producto\\\/billetera-xl-crocodile\\\/\",\"url\":\"https:\\\/\\\/margaritacornejo.com\\\/producto\\\/billetera-xl-crocodile\\\/\",\"name\":\"Billetera XL | Crocodile - Margarita Cornejo\",\"isPartOf\":{\"@id\":\"https:\\\/\\\/margaritacornejo.com\\\/#website\"},\"primaryImageOfPage\":{\"@id\":\"https:\\\/\\\/margaritacornejo.com\\\/producto\\\/billetera-xl-crocodile\\\/#primaryimage\"},\"image\":{\"@id\":\"https:\\\/\\\/margaritacornejo.com\\\/producto\\\/billetera-xl-crocodile\\\/#primaryimage\"},\"thumbnailUrl\":\"https:\\\/\\\/margaritacornejo.com\\\/wp-content\\\/uploads\\\/2025\\\/03\\\/WXL-01-scaled.webp\",\"datePublished\":\"2025-03-20T11:47:35+00:00\",\"dateModified\":\"2025-12-13T01:14:04+00:00\",\"breadcrumb\":{\"@id\":\"https:\\\/\\\/margaritacornejo.com\\\/producto\\\/billetera-xl-crocodile\\\/#breadcrumb\"},\"inLanguage\":\"en-US\",\"potentialAction\":[{\"@type\":\"ReadAction\",\"target\":[\"https:\\\/\\\/margaritacornejo.com\\\/producto\\\/billetera-xl-crocodile\\\/\"]}]},{\"@type\":\"ImageObject\",\"inLanguage\":\"en-US\",\"@id\":\"https:\\\/\\\/margaritacornejo.com\\\/producto\\\/billetera-xl-crocodile\\\/#primaryimage\",\"url\":\"https:\\\/\\\/margaritacornejo.com\\\/wp-content\\\/uploads\\\/2025\\\/03\\\/WXL-01-scaled.webp\",\"contentUrl\":\"https:\\\/\\\/margaritacornejo.com\\\/wp-content\\\/uploads\\\/2025\\\/03\\\/WXL-01-scaled.webp\",\"width\":1855,\"height\":2560,\"caption\":\"Billetera XL | Crocodile\"},{\"@type\":\"BreadcrumbList\",\"@id\":\"https:\\\/\\\/margaritacornejo.com\\\/producto\\\/billetera-xl-crocodile\\\/#breadcrumb\",\"itemListElement\":[{\"@type\":\"ListItem\",\"position\":1,\"name\":\"Inicio\",\"item\":\"https:\\\/\\\/margaritacornejo.com\\\/\"},{\"@type\":\"ListItem\",\"position\":2,\"name\":\"Tienda\",\"item\":\"https:\\\/\\\/margaritacornejo.com\\\/tienda\\\/\"},{\"@type\":\"ListItem\",\"position\":3,\"name\":\"Billetera XL | Crocodile\"}]},{\"@type\":\"WebSite\",\"@id\":\"https:\\\/\\\/margaritacornejo.com\\\/#website\",\"url\":\"https:\\\/\\\/margaritacornejo.com\\\/\",\"name\":\"Margarita Cornejo\",\"description\":\"Make it luxury, make it unique, make it yours\",\"potentialAction\":[{\"@type\":\"SearchAction\",\"target\":{\"@type\":\"EntryPoint\",\"urlTemplate\":\"https:\\\/\\\/margaritacornejo.com\\\/?s={search_term_string}\"},\"query-input\":{\"@type\":\"PropertyValueSpecification\",\"valueRequired\":true,\"valueName\":\"search_term_string\"}}],\"inLanguage\":\"en-US\"}]}<\/script>\n<!-- \/ Yoast SEO plugin. -->","yoast_head_json":{"title":"Billetera XL | Crocodile - Margarita Cornejo","robots":{"index":"index","follow":"follow","max-snippet":"max-snippet:-1","max-image-preview":"max-image-preview:large","max-video-preview":"max-video-preview:-1"},"canonical":"https:\/\/margaritacornejo.com\/en\/product\/billetera-xl-crocodile\/","og_locale":"en_US","og_type":"article","og_title":"Billetera XL | Crocodile - Margarita Cornejo","og_description":"Peso: 0.6 libras.  Moldeado y cosido a mano.  El color y textura puede variar ligeramente debido al tratamiento del cuero.  El grano no ser\u00e1 uniforme debido a los patrones naturales del cuero.  Las l\u00edneas y dise\u00f1os de las texturas pueden variar ligeramente respecto a la fotograf\u00eda de referencia, dependiendo del corte del patr\u00f3n, lo que hace que tu bolso sea \u00fanico.","og_url":"https:\/\/margaritacornejo.com\/en\/product\/billetera-xl-crocodile\/","og_site_name":"Margarita Cornejo","article_modified_time":"2025-12-13T01:14:04+00:00","og_image":[{"width":1855,"height":2560,"url":"https:\/\/margaritacornejo.com\/wp-content\/uploads\/2025\/03\/WXL-01-scaled.webp","type":"image\/webp"}],"twitter_card":"summary_large_image","twitter_misc":{"Est. reading time":"1 minute"},"schema":{"@context":"https:\/\/schema.org","@graph":[{"@type":"WebPage","@id":"https:\/\/margaritacornejo.com\/producto\/billetera-xl-crocodile\/","url":"https:\/\/margaritacornejo.com\/producto\/billetera-xl-crocodile\/","name":"Billetera XL | Crocodile - Margarita Cornejo","isPartOf":{"@id":"https:\/\/margaritacornejo.com\/#website"},"primaryImageOfPage":{"@id":"https:\/\/margaritacornejo.com\/producto\/billetera-xl-crocodile\/#primaryimage"},"image":{"@id":"https:\/\/margaritacornejo.com\/producto\/billetera-xl-crocodile\/#primaryimage"},"thumbnailUrl":"https:\/\/margaritacornejo.com\/wp-content\/uploads\/2025\/03\/WXL-01-scaled.webp","datePublished":"2025-03-20T11:47:35+00:00","dateModified":"2025-12-13T01:14:04+00:00","breadcrumb":{"@id":"https:\/\/margaritacornejo.com\/producto\/billetera-xl-crocodile\/#breadcrumb"},"inLanguage":"en-US","potentialAction":[{"@type":"ReadAction","target":["https:\/\/margaritacornejo.com\/producto\/billetera-xl-crocodile\/"]}]},{"@type":"ImageObject","inLanguage":"en-US","@id":"https:\/\/margaritacornejo.com\/producto\/billetera-xl-crocodile\/#primaryimage","url":"https:\/\/margaritacornejo.com\/wp-content\/uploads\/2025\/03\/WXL-01-scaled.webp","contentUrl":"https:\/\/margaritacornejo.com\/wp-content\/uploads\/2025\/03\/WXL-01-scaled.webp","width":1855,"height":2560,"caption":"Billetera XL | Crocodile"},{"@type":"BreadcrumbList","@id":"https:\/\/margaritacornejo.com\/producto\/billetera-xl-crocodile\/#breadcrumb","itemListElement":[{"@type":"ListItem","position":1,"name":"Inicio","item":"https:\/\/margaritacornejo.com\/"},{"@type":"ListItem","position":2,"name":"Tienda","item":"https:\/\/margaritacornejo.com\/tienda\/"},{"@type":"ListItem","position":3,"name":"Billetera XL | Crocodile"}]},{"@type":"WebSite","@id":"https:\/\/margaritacornejo.com\/#website","url":"https:\/\/margaritacornejo.com\/","name":"Margarita Cornejo","description":"Make it luxury, make it unique, make it yours","potentialAction":[{"@type":"SearchAction","target":{"@type":"EntryPoint","urlTemplate":"https:\/\/margaritacornejo.com\/?s={search_term_string}"},"query-input":{"@type":"PropertyValueSpecification","valueRequired":true,"valueName":"search_term_string"}}],"inLanguage":"en-US"}]}},"jetpack_sharing_enabled":true,"_links":{"self":[{"href":"https:\/\/margaritacornejo.com\/en\/wp-json\/wp\/v2\/product\/2028","targetHints":{"allow":["GET"]}}],"collection":[{"href":"https:\/\/margaritacornejo.com\/en\/wp-json\/wp\/v2\/product"}],"about":[{"href":"https:\/\/margaritacornejo.com\/en\/wp-json\/wp\/v2\/types\/product"}],"replies":[{"embeddable":true,"href":"https:\/\/margaritacornejo.com\/en\/wp-json\/wp\/v2\/comments?post=2028"}],"wp:featuredmedia":[{"embeddable":true,"href":"https:\/\/margaritacornejo.com\/en\/wp-json\/wp\/v2\/media\/2031"}],"wp:attachment":[{"href":"https:\/\/margaritacornejo.com\/en\/wp-json\/wp\/v2\/media?parent=2028"}],"wp:term":[{"taxonomy":"product_brand","embeddable":true,"href":"https:\/\/margaritacornejo.com\/en\/wp-json\/wp\/v2\/product_brand?post=2028"},{"taxonomy":"product_cat","embeddable":true,"href":"https:\/\/margaritacornejo.com\/en\/wp-json\/wp\/v2\/product_cat?post=2028"},{"taxonomy":"product_tag","embeddable":true,"href":"https:\/\/margaritacornejo.com\/en\/wp-json\/wp\/v2\/product_tag?post=2028"}],"curies":[{"name":"wp","href":"https:\/\/api.w.org\/{rel}","templated":true}]}}