{"id":4221,"date":"2025-07-02T13:59:19","date_gmt":"2025-07-02T19:59:19","guid":{"rendered":"https:\/\/margaritacornejo.com\/?post_type=product&#038;p=4221"},"modified":"2026-02-24T19:23:00","modified_gmt":"2026-02-25T01:23:00","slug":"split-crossbody-bag","status":"publish","type":"product","link":"https:\/\/margaritacornejo.com\/en\/product\/split-crossbody-bag\/","title":{"rendered":"SPLIT CROSSBODY BAG"},"content":{"rendered":"<p><span data-sheets-root=\"1\">A traditional style with a modern twist in a crossbody version, crafted from the highest-quality leathers. Its design offers ample space for all your essentials: phone, wallet, keys, and makeup. Plus, it features a built-in card holder for better organization.<\/span><\/p>\n\n    <div class=\"xs_social_share_widget xs_share_url after_content \t\tmain_content  wslu-style-1 wslu-share-box-shaped wslu-fill-colored wslu-none wslu-share-horizontal wslu-theme-font-no wslu-main_content\">\n\n\t\t\n        <ul>\n\t\t\t        <\/ul>\n    <\/div>","protected":false},"excerpt":{"rendered":"<p>A traditional style with a modern twist in a crossbody version, crafted from the highest-quality leathers. Its design offers ample space for all your essentials: phone, wallet, keys, and makeup. Plus, it features a built-in card holder for better organization.<\/p>","protected":false},"featured_media":4864,"comment_status":"open","ping_status":"closed","template":"","meta":{"_acf_changed":false,"_et_pb_use_builder":"","_et_pb_old_content":"","_et_gb_content_width":""},"product_brand":[],"product_cat":[137],"product_tag":[],"class_list":{"0":"post-4221","1":"product","2":"type-product","3":"status-publish","4":"has-post-thumbnail","6":"product_cat-split-crossbody-bag-crossbody-bags","8":"first","9":"instock","10":"shipping-taxable","11":"purchasable","12":"product-type-variable"},"exclude_global_add_ons":[],"addons":[],"acf":[],"yoast_head":"<!-- This site is optimized with the Yoast SEO plugin v27.4 - https:\/\/yoast.com\/product\/yoast-seo-wordpress\/ -->\n<title>Split crossbody bag - Margarita Cornejo<\/title>\n<meta name=\"robots\" content=\"index, follow, max-snippet:-1, max-image-preview:large, max-video-preview:-1\" \/>\n<link rel=\"canonical\" href=\"https:\/\/margaritacornejo.com\/en\/product\/split-crossbody-bag\/\" \/>\n<meta property=\"og:locale\" content=\"en_US\" \/>\n<meta property=\"og:type\" content=\"article\" \/>\n<meta property=\"og:title\" content=\"Split crossbody bag - Margarita Cornejo\" \/>\n<meta property=\"og:description\" content=\"Una forma tradicional con un toque moderno en versi\u00f3n crossbody, elaborado utilizando cueros de la m\u00e1s alta calidad. Su dise\u00f1o ofrece un amplio espacio para todos tus elementos esenciales: tel\u00e9fono, billetera, llaves y maquillaje. Adem\u00e1s, cuenta con un tarjetero incorporado para una mejor organizaci\u00f3n.\" \/>\n<meta property=\"og:url\" content=\"https:\/\/margaritacornejo.com\/en\/product\/split-crossbody-bag\/\" \/>\n<meta property=\"og:site_name\" content=\"Margarita Cornejo\" \/>\n<meta property=\"article:modified_time\" content=\"2026-02-25T01:23:00+00:00\" \/>\n<meta property=\"og:image\" content=\"https:\/\/margaritacornejo.com\/wp-content\/uploads\/2025\/07\/splitbeige1-2-scaled.webp\" \/>\n\t<meta property=\"og:image:width\" content=\"1855\" \/>\n\t<meta property=\"og:image:height\" content=\"2560\" \/>\n\t<meta property=\"og:image:type\" content=\"image\/webp\" \/>\n<meta name=\"twitter:card\" content=\"summary_large_image\" \/>\n<meta name=\"twitter:label1\" content=\"Est. reading time\" \/>\n\t<meta name=\"twitter:data1\" content=\"1 minute\" \/>\n<script type=\"application\/ld+json\" class=\"yoast-schema-graph\">{\"@context\":\"https:\\\/\\\/schema.org\",\"@graph\":[{\"@type\":\"WebPage\",\"@id\":\"https:\\\/\\\/margaritacornejo.com\\\/producto\\\/split-crossbody-bag\\\/\",\"url\":\"https:\\\/\\\/margaritacornejo.com\\\/producto\\\/split-crossbody-bag\\\/\",\"name\":\"Split crossbody bag - Margarita Cornejo\",\"isPartOf\":{\"@id\":\"https:\\\/\\\/margaritacornejo.com\\\/#website\"},\"primaryImageOfPage\":{\"@id\":\"https:\\\/\\\/margaritacornejo.com\\\/producto\\\/split-crossbody-bag\\\/#primaryimage\"},\"image\":{\"@id\":\"https:\\\/\\\/margaritacornejo.com\\\/producto\\\/split-crossbody-bag\\\/#primaryimage\"},\"thumbnailUrl\":\"https:\\\/\\\/margaritacornejo.com\\\/wp-content\\\/uploads\\\/2025\\\/07\\\/splitbeige1-2-scaled.webp\",\"datePublished\":\"2025-07-02T19:59:19+00:00\",\"dateModified\":\"2026-02-25T01:23:00+00:00\",\"breadcrumb\":{\"@id\":\"https:\\\/\\\/margaritacornejo.com\\\/producto\\\/split-crossbody-bag\\\/#breadcrumb\"},\"inLanguage\":\"en-US\",\"potentialAction\":[{\"@type\":\"ReadAction\",\"target\":[\"https:\\\/\\\/margaritacornejo.com\\\/producto\\\/split-crossbody-bag\\\/\"]}]},{\"@type\":\"ImageObject\",\"inLanguage\":\"en-US\",\"@id\":\"https:\\\/\\\/margaritacornejo.com\\\/producto\\\/split-crossbody-bag\\\/#primaryimage\",\"url\":\"https:\\\/\\\/margaritacornejo.com\\\/wp-content\\\/uploads\\\/2025\\\/07\\\/splitbeige1-2-scaled.webp\",\"contentUrl\":\"https:\\\/\\\/margaritacornejo.com\\\/wp-content\\\/uploads\\\/2025\\\/07\\\/splitbeige1-2-scaled.webp\",\"width\":1855,\"height\":2560,\"caption\":\"Split crossbody bag\"},{\"@type\":\"BreadcrumbList\",\"@id\":\"https:\\\/\\\/margaritacornejo.com\\\/producto\\\/split-crossbody-bag\\\/#breadcrumb\",\"itemListElement\":[{\"@type\":\"ListItem\",\"position\":1,\"name\":\"Inicio\",\"item\":\"https:\\\/\\\/margaritacornejo.com\\\/\"},{\"@type\":\"ListItem\",\"position\":2,\"name\":\"Tienda\",\"item\":\"https:\\\/\\\/margaritacornejo.com\\\/tienda\\\/\"},{\"@type\":\"ListItem\",\"position\":3,\"name\":\"Split crossbody bag\"}]},{\"@type\":\"WebSite\",\"@id\":\"https:\\\/\\\/margaritacornejo.com\\\/#website\",\"url\":\"https:\\\/\\\/margaritacornejo.com\\\/\",\"name\":\"Margarita Cornejo\",\"description\":\"Make it luxury, make it unique, make it yours\",\"potentialAction\":[{\"@type\":\"SearchAction\",\"target\":{\"@type\":\"EntryPoint\",\"urlTemplate\":\"https:\\\/\\\/margaritacornejo.com\\\/?s={search_term_string}\"},\"query-input\":{\"@type\":\"PropertyValueSpecification\",\"valueRequired\":true,\"valueName\":\"search_term_string\"}}],\"inLanguage\":\"en-US\"}]}<\/script>\n<!-- \/ Yoast SEO plugin. -->","yoast_head_json":{"title":"Split crossbody bag - Margarita Cornejo","robots":{"index":"index","follow":"follow","max-snippet":"max-snippet:-1","max-image-preview":"max-image-preview:large","max-video-preview":"max-video-preview:-1"},"canonical":"https:\/\/margaritacornejo.com\/en\/product\/split-crossbody-bag\/","og_locale":"en_US","og_type":"article","og_title":"Split crossbody bag - Margarita Cornejo","og_description":"Una forma tradicional con un toque moderno en versi\u00f3n crossbody, elaborado utilizando cueros de la m\u00e1s alta calidad. Su dise\u00f1o ofrece un amplio espacio para todos tus elementos esenciales: tel\u00e9fono, billetera, llaves y maquillaje. Adem\u00e1s, cuenta con un tarjetero incorporado para una mejor organizaci\u00f3n.","og_url":"https:\/\/margaritacornejo.com\/en\/product\/split-crossbody-bag\/","og_site_name":"Margarita Cornejo","article_modified_time":"2026-02-25T01:23:00+00:00","og_image":[{"width":1855,"height":2560,"url":"https:\/\/margaritacornejo.com\/wp-content\/uploads\/2025\/07\/splitbeige1-2-scaled.webp","type":"image\/webp"}],"twitter_card":"summary_large_image","twitter_misc":{"Est. reading time":"1 minute"},"schema":{"@context":"https:\/\/schema.org","@graph":[{"@type":"WebPage","@id":"https:\/\/margaritacornejo.com\/producto\/split-crossbody-bag\/","url":"https:\/\/margaritacornejo.com\/producto\/split-crossbody-bag\/","name":"Split crossbody bag - Margarita Cornejo","isPartOf":{"@id":"https:\/\/margaritacornejo.com\/#website"},"primaryImageOfPage":{"@id":"https:\/\/margaritacornejo.com\/producto\/split-crossbody-bag\/#primaryimage"},"image":{"@id":"https:\/\/margaritacornejo.com\/producto\/split-crossbody-bag\/#primaryimage"},"thumbnailUrl":"https:\/\/margaritacornejo.com\/wp-content\/uploads\/2025\/07\/splitbeige1-2-scaled.webp","datePublished":"2025-07-02T19:59:19+00:00","dateModified":"2026-02-25T01:23:00+00:00","breadcrumb":{"@id":"https:\/\/margaritacornejo.com\/producto\/split-crossbody-bag\/#breadcrumb"},"inLanguage":"en-US","potentialAction":[{"@type":"ReadAction","target":["https:\/\/margaritacornejo.com\/producto\/split-crossbody-bag\/"]}]},{"@type":"ImageObject","inLanguage":"en-US","@id":"https:\/\/margaritacornejo.com\/producto\/split-crossbody-bag\/#primaryimage","url":"https:\/\/margaritacornejo.com\/wp-content\/uploads\/2025\/07\/splitbeige1-2-scaled.webp","contentUrl":"https:\/\/margaritacornejo.com\/wp-content\/uploads\/2025\/07\/splitbeige1-2-scaled.webp","width":1855,"height":2560,"caption":"Split crossbody bag"},{"@type":"BreadcrumbList","@id":"https:\/\/margaritacornejo.com\/producto\/split-crossbody-bag\/#breadcrumb","itemListElement":[{"@type":"ListItem","position":1,"name":"Inicio","item":"https:\/\/margaritacornejo.com\/"},{"@type":"ListItem","position":2,"name":"Tienda","item":"https:\/\/margaritacornejo.com\/tienda\/"},{"@type":"ListItem","position":3,"name":"Split crossbody bag"}]},{"@type":"WebSite","@id":"https:\/\/margaritacornejo.com\/#website","url":"https:\/\/margaritacornejo.com\/","name":"Margarita Cornejo","description":"Make it luxury, make it unique, make it yours","potentialAction":[{"@type":"SearchAction","target":{"@type":"EntryPoint","urlTemplate":"https:\/\/margaritacornejo.com\/?s={search_term_string}"},"query-input":{"@type":"PropertyValueSpecification","valueRequired":true,"valueName":"search_term_string"}}],"inLanguage":"en-US"}]}},"jetpack_sharing_enabled":true,"_links":{"self":[{"href":"https:\/\/margaritacornejo.com\/en\/wp-json\/wp\/v2\/product\/4221","targetHints":{"allow":["GET"]}}],"collection":[{"href":"https:\/\/margaritacornejo.com\/en\/wp-json\/wp\/v2\/product"}],"about":[{"href":"https:\/\/margaritacornejo.com\/en\/wp-json\/wp\/v2\/types\/product"}],"replies":[{"embeddable":true,"href":"https:\/\/margaritacornejo.com\/en\/wp-json\/wp\/v2\/comments?post=4221"}],"wp:featuredmedia":[{"embeddable":true,"href":"https:\/\/margaritacornejo.com\/en\/wp-json\/wp\/v2\/media\/4864"}],"wp:attachment":[{"href":"https:\/\/margaritacornejo.com\/en\/wp-json\/wp\/v2\/media?parent=4221"}],"wp:term":[{"taxonomy":"product_brand","embeddable":true,"href":"https:\/\/margaritacornejo.com\/en\/wp-json\/wp\/v2\/product_brand?post=4221"},{"taxonomy":"product_cat","embeddable":true,"href":"https:\/\/margaritacornejo.com\/en\/wp-json\/wp\/v2\/product_cat?post=4221"},{"taxonomy":"product_tag","embeddable":true,"href":"https:\/\/margaritacornejo.com\/en\/wp-json\/wp\/v2\/product_tag?post=4221"}],"curies":[{"name":"wp","href":"https:\/\/api.w.org\/{rel}","templated":true}]}}